{"id":26,"date":"2023-10-30T21:09:45","date_gmt":"2023-10-30T21:09:45","guid":{"rendered":"https:\/\/tramitesfederalesva.com\/?page_id=26"},"modified":"2024-10-11T19:14:00","modified_gmt":"2024-10-11T19:14:00","slug":"licencias","status":"publish","type":"page","link":"https:\/\/tramitesfederalesva.com\/index.php\/licencias\/","title":{"rendered":"LICENCIAS"},"content":{"rendered":"\n<p>Todas las categor\u00edas e Internacional.<\/p>\n\n\n\n<p>LICENCIAS FEDERALES<\/p>\n\n\n\n<p><strong>REQUISITOS PARA LICENCIA FEDERAL<\/strong><\/p>\n\n\n\n<div data-wp-interactive=\"core\/file\" class=\"wp-block-file\"><object data-wp-bind--hidden=\"!state.hasPdfPreview\" hidden class=\"wp-block-file__embed\" data=\"https:\/\/tramitesfederalesva.com\/wp-content\/uploads\/2024\/10\/LICENCIA-FEDERAL.pdf\" type=\"application\/pdf\" style=\"width:100%;height:600px\" aria-label=\"Incrustado de LICENCIA FEDERAL.\"><\/object><a id=\"wp-block-file--media-b94d2191-be07-4ec2-9d4d-99c316a501c1\" href=\"https:\/\/tramitesfederalesva.com\/wp-content\/uploads\/2024\/10\/LICENCIA-FEDERAL.pdf\">LICENCIA FEDERAL<\/a><a href=\"https:\/\/tramitesfederalesva.com\/wp-content\/uploads\/2024\/10\/LICENCIA-FEDERAL.pdf\" class=\"wp-block-file__button wp-element-button\" download aria-describedby=\"wp-block-file--media-b94d2191-be07-4ec2-9d4d-99c316a501c1\">Descarga<\/a><\/div>\n\n\n\n<p>SERVICIO DE TRANSPORTE PUBLICO Y SERVICIOS.<\/p>\n\n\n\n<p><strong>APTO MEDICO FEDERAL.<\/strong> Ex\u00e1men psicof\u00edsico integral para el personal del transporte p\u00fablico federal.&nbsp;Te sirve para acreditar tu aptitud, desde el punto de vista m\u00e9dico, para operar, conducir y\/o auxiliar en los diferentes modos de transporte.<\/p>\n\n\n\n<p><strong>REQUISITOS PARA APTO MEDICO<\/strong><\/p>\n\n\n\n<div data-wp-interactive=\"core\/file\" class=\"wp-block-file\"><object data-wp-bind--hidden=\"!state.hasPdfPreview\" hidden class=\"wp-block-file__embed\" data=\"https:\/\/tramitesfederalesva.com\/wp-content\/uploads\/2024\/10\/APTO-MEDICO.pdf\" type=\"application\/pdf\" style=\"width:100%;height:600px\" aria-label=\"Incrustado de APTO MEDICO.\"><\/object><a id=\"wp-block-file--media-d89fdf09-188e-4280-912e-6cf33178b9df\" href=\"https:\/\/tramitesfederalesva.com\/wp-content\/uploads\/2024\/10\/APTO-MEDICO.pdf\">APTO MEDICO<\/a><a href=\"https:\/\/tramitesfederalesva.com\/wp-content\/uploads\/2024\/10\/APTO-MEDICO.pdf\" class=\"wp-block-file__button wp-element-button\" download aria-describedby=\"wp-block-file--media-d89fdf09-188e-4280-912e-6cf33178b9df\">Descarga<\/a><\/div>\n\n\n\n<figure class=\"wp-block-image size-large\"><img loading=\"lazy\" decoding=\"async\" width=\"817\" height=\"1024\" src=\"https:\/\/tramitesfederalesva.com\/wp-content\/uploads\/2023\/12\/8-817x1024.png\" alt=\"\" class=\"wp-image-98\" srcset=\"https:\/\/tramitesfederalesva.com\/wp-content\/uploads\/2023\/12\/8-817x1024.png 817w, https:\/\/tramitesfederalesva.com\/wp-content\/uploads\/2023\/12\/8-239x300.png 239w, https:\/\/tramitesfederalesva.com\/wp-content\/uploads\/2023\/12\/8-768x963.png 768w, https:\/\/tramitesfederalesva.com\/wp-content\/uploads\/2023\/12\/8-1226x1536.png 1226w, https:\/\/tramitesfederalesva.com\/wp-content\/uploads\/2023\/12\/8.png 1536w\" sizes=\"auto, (max-width: 817px) 100vw, 817px\" \/><\/figure>\n\n\n\n<ul class=\"wp-block-list\">\n<li>Exam\u00e9n de capacitaci\u00f3n.<\/li>\n\n\n\n<li>Pago de derechos.<\/li>\n\n\n\n<li>Ex\u00e1men M\u00e9dico.<\/li>\n<\/ul>\n\n\n\n<figure class=\"wp-block-image size-full\"><img loading=\"lazy\" decoding=\"async\" width=\"940\" height=\"788\" src=\"https:\/\/tramitesfederalesva.com\/wp-content\/uploads\/2024\/05\/Post-para-Facebook-Ad-Flota-de-Transporte-Formas-Geometricas-Marron-y-Naranja.jpg\" alt=\"\" class=\"wp-image-162\" srcset=\"https:\/\/tramitesfederalesva.com\/wp-content\/uploads\/2024\/05\/Post-para-Facebook-Ad-Flota-de-Transporte-Formas-Geometricas-Marron-y-Naranja.jpg 940w, https:\/\/tramitesfederalesva.com\/wp-content\/uploads\/2024\/05\/Post-para-Facebook-Ad-Flota-de-Transporte-Formas-Geometricas-Marron-y-Naranja-300x251.jpg 300w, https:\/\/tramitesfederalesva.com\/wp-content\/uploads\/2024\/05\/Post-para-Facebook-Ad-Flota-de-Transporte-Formas-Geometricas-Marron-y-Naranja-768x644.jpg 768w\" sizes=\"auto, (max-width: 940px) 100vw, 940px\" \/><\/figure>\n\n\n\n<figure class=\"wp-block-video\"><video height=\"1080\" style=\"aspect-ratio: 1920 \/ 1080;\" width=\"1920\" controls src=\"https:\/\/tramitesfederalesva.com\/wp-content\/uploads\/2023\/12\/videolicencias.mp4\"><\/video><\/figure>\n\n\n\n<ul class=\"wp-block-social-links is-layout-flex wp-block-social-links-is-layout-flex\"><li class=\"wp-social-link wp-social-link-facebook  wp-block-social-link\"><a href=\"https:\/\/www.facebook.com\/VICTORASCENCIOVAZQUEZ\" class=\"wp-block-social-link-anchor\"><svg width=\"24\" height=\"24\" viewBox=\"0 0 24 24\" version=\"1.1\" xmlns=\"http:\/\/www.w3.org\/2000\/svg\" aria-hidden=\"true\" focusable=\"false\"><path d=\"M12 2C6.5 2 2 6.5 2 12c0 5 3.7 9.1 8.4 9.9v-7H7.9V12h2.5V9.8c0-2.5 1.5-3.9 3.8-3.9 1.1 0 2.2.2 2.2.2v2.5h-1.3c-1.2 0-1.6.8-1.6 1.6V12h2.8l-.4 2.9h-2.3v7C18.3 21.1 22 17 22 12c0-5.5-4.5-10-10-10z\"><\/path><\/svg><span class=\"wp-block-social-link-label screen-reader-text\">Facebook<\/span><\/a><\/li>\n\n<li class=\"wp-social-link wp-social-link-instagram  wp-block-social-link\"><a href=\"https:\/\/www.instagram.com\/tramitesfederalesva\/\" class=\"wp-block-social-link-anchor\"><svg width=\"24\" height=\"24\" viewBox=\"0 0 24 24\" version=\"1.1\" xmlns=\"http:\/\/www.w3.org\/2000\/svg\" aria-hidden=\"true\" focusable=\"false\"><path d=\"M12,4.622c2.403,0,2.688,0.009,3.637,0.052c0.877,0.04,1.354,0.187,1.671,0.31c0.42,0.163,0.72,0.358,1.035,0.673 c0.315,0.315,0.51,0.615,0.673,1.035c0.123,0.317,0.27,0.794,0.31,1.671c0.043,0.949,0.052,1.234,0.052,3.637 s-0.009,2.688-0.052,3.637c-0.04,0.877-0.187,1.354-0.31,1.671c-0.163,0.42-0.358,0.72-0.673,1.035 c-0.315,0.315-0.615,0.51-1.035,0.673c-0.317,0.123-0.794,0.27-1.671,0.31c-0.949,0.043-1.233,0.052-3.637,0.052 s-2.688-0.009-3.637-0.052c-0.877-0.04-1.354-0.187-1.671-0.31c-0.42-0.163-0.72-0.358-1.035-0.673 c-0.315-0.315-0.51-0.615-0.673-1.035c-0.123-0.317-0.27-0.794-0.31-1.671C4.631,14.688,4.622,14.403,4.622,12 s0.009-2.688,0.052-3.637c0.04-0.877,0.187-1.354,0.31-1.671c0.163-0.42,0.358-0.72,0.673-1.035 c0.315-0.315,0.615-0.51,1.035-0.673c0.317-0.123,0.794-0.27,1.671-0.31C9.312,4.631,9.597,4.622,12,4.622 M12,3 C9.556,3,9.249,3.01,8.289,3.054C7.331,3.098,6.677,3.25,6.105,3.472C5.513,3.702,5.011,4.01,4.511,4.511 c-0.5,0.5-0.808,1.002-1.038,1.594C3.25,6.677,3.098,7.331,3.054,8.289C3.01,9.249,3,9.556,3,12c0,2.444,0.01,2.751,0.054,3.711 c0.044,0.958,0.196,1.612,0.418,2.185c0.23,0.592,0.538,1.094,1.038,1.594c0.5,0.5,1.002,0.808,1.594,1.038 c0.572,0.222,1.227,0.375,2.185,0.418C9.249,20.99,9.556,21,12,21s2.751-0.01,3.711-0.054c0.958-0.044,1.612-0.196,2.185-0.418 c0.592-0.23,1.094-0.538,1.594-1.038c0.5-0.5,0.808-1.002,1.038-1.594c0.222-0.572,0.375-1.227,0.418-2.185 C20.99,14.751,21,14.444,21,12s-0.01-2.751-0.054-3.711c-0.044-0.958-0.196-1.612-0.418-2.185c-0.23-0.592-0.538-1.094-1.038-1.594 c-0.5-0.5-1.002-0.808-1.594-1.038c-0.572-0.222-1.227-0.375-2.185-0.418C14.751,3.01,14.444,3,12,3L12,3z M12,7.378 c-2.552,0-4.622,2.069-4.622,4.622S9.448,16.622,12,16.622s4.622-2.069,4.622-4.622S14.552,7.378,12,7.378z M12,15 c-1.657,0-3-1.343-3-3s1.343-3,3-3s3,1.343,3,3S13.657,15,12,15z M16.804,6.116c-0.596,0-1.08,0.484-1.08,1.08 s0.484,1.08,1.08,1.08c0.596,0,1.08-0.484,1.08-1.08S17.401,6.116,16.804,6.116z\"><\/path><\/svg><span class=\"wp-block-social-link-label screen-reader-text\">Instagram<\/span><\/a><\/li><\/ul>\n","protected":false},"excerpt":{"rendered":"<p>Todas las categor\u00edas e Internacional. LICENCIAS FEDERALES REQUISITOS PARA LICENCIA FEDERAL SERVICIO DE TRANSPORTE PUBLICO Y SERVICIOS. APTO MEDICO FEDERAL. Ex\u00e1men psicof\u00edsico integral para el personal del transporte p\u00fablico federal.&nbsp;Te sirve para acreditar tu aptitud, desde el punto de vista m\u00e9dico, para operar, conducir y\/o auxiliar en los diferentes modos de transporte. REQUISITOS PARA APTO [&hellip;]<\/p>\n","protected":false},"author":1,"featured_media":0,"parent":0,"menu_order":0,"comment_status":"closed","ping_status":"closed","template":"","meta":{"footnotes":""},"class_list":["post-26","page","type-page","status-publish","hentry"],"_links":{"self":[{"href":"https:\/\/tramitesfederalesva.com\/index.php\/wp-json\/wp\/v2\/pages\/26","targetHints":{"allow":["GET"]}}],"collection":[{"href":"https:\/\/tramitesfederalesva.com\/index.php\/wp-json\/wp\/v2\/pages"}],"about":[{"href":"https:\/\/tramitesfederalesva.com\/index.php\/wp-json\/wp\/v2\/types\/page"}],"author":[{"embeddable":true,"href":"https:\/\/tramitesfederalesva.com\/index.php\/wp-json\/wp\/v2\/users\/1"}],"replies":[{"embeddable":true,"href":"https:\/\/tramitesfederalesva.com\/index.php\/wp-json\/wp\/v2\/comments?post=26"}],"version-history":[{"count":12,"href":"https:\/\/tramitesfederalesva.com\/index.php\/wp-json\/wp\/v2\/pages\/26\/revisions"}],"predecessor-version":[{"id":168,"href":"https:\/\/tramitesfederalesva.com\/index.php\/wp-json\/wp\/v2\/pages\/26\/revisions\/168"}],"wp:attachment":[{"href":"https:\/\/tramitesfederalesva.com\/index.php\/wp-json\/wp\/v2\/media?parent=26"}],"curies":[{"name":"wp","href":"https:\/\/api.w.org\/{rel}","templated":true}]}}